{"id":21,"date":"2020-11-25T16:28:38","date_gmt":"2020-11-25T15:28:38","guid":{"rendered":"http:\/\/mdg.bergaus.be\/?page_id=21"},"modified":"2026-01-13T10:20:06","modified_gmt":"2026-01-13T09:20:06","slug":"nos-services","status":"publish","type":"page","link":"https:\/\/moulindugeer.be\/fr\/nos-services\/","title":{"rendered":"Nos services"},"content":{"rendered":"\t\t<div data-elementor-type=\"wp-page\" data-elementor-id=\"21\" class=\"elementor elementor-21\" data-elementor-post-type=\"page\">\n\t\t\t\t\t\t<section class=\"elementor-section elementor-top-section elementor-element elementor-element-d3b7690 elementor-section-full_width animated-slow elementor-section-height-default elementor-section-height-default elementor-invisible\" data-id=\"d3b7690\" data-element_type=\"section\" data-settings=\"{&quot;background_background&quot;:&quot;classic&quot;,&quot;animation&quot;:&quot;fadeIn&quot;}\">\n\t\t\t\t\t\t<div class=\"elementor-container elementor-column-gap-default\">\n\t\t\t\t\t<div class=\"elementor-column elementor-col-100 elementor-top-column elementor-element elementor-element-e0a2e3c\" data-id=\"e0a2e3c\" data-element_type=\"column\">\n\t\t\t<div class=\"elementor-widget-wrap elementor-element-populated\">\n\t\t\t\t\t\t<section class=\"elementor-section elementor-inner-section elementor-element elementor-element-f7fc1e8 elementor-section-full_width elementor-section-height-default elementor-section-height-default\" data-id=\"f7fc1e8\" data-element_type=\"section\">\n\t\t\t\t\t\t<div class=\"elementor-container elementor-column-gap-default\">\n\t\t\t\t\t<div class=\"elementor-column elementor-col-33 elementor-inner-column elementor-element elementor-element-97db718\" data-id=\"97db718\" data-element_type=\"column\">\n\t\t\t<div class=\"elementor-widget-wrap elementor-element-populated\">\n\t\t\t\t\t\t<div class=\"elementor-element elementor-element-2836be7 elementor-widget elementor-widget-heading\" data-id=\"2836be7\" data-element_type=\"widget\" data-widget_type=\"heading.default\">\n\t\t\t\t<div class=\"elementor-widget-container\">\n\t\t\t\t\t<h1 class=\"elementor-heading-title elementor-size-default\">Votre s\u00e9jour<\/h1>\t\t\t\t<\/div>\n\t\t\t\t<\/div>\n\t\t\t\t<div class=\"elementor-element elementor-element-7651d98 elementor-widget elementor-widget-text-editor\" data-id=\"7651d98\" data-element_type=\"widget\" data-widget_type=\"text-editor.default\">\n\t\t\t\t<div class=\"elementor-widget-container\">\n\t\t\t\t\t\t\t\t\t<p>Nous mettons \u00e0 votre disposition divers services additionnels sur demande pour que votre s\u00e9jour et\/ou votre \u00e9v\u00e8nement correspondent \u00e0 vos besoins.<\/p>\t\t\t\t\t\t\t\t<\/div>\n\t\t\t\t<\/div>\n\t\t\t\t\t<\/div>\n\t\t<\/div>\n\t\t\t\t<div class=\"elementor-column elementor-col-66 elementor-inner-column elementor-element elementor-element-b94d027\" data-id=\"b94d027\" data-element_type=\"column\">\n\t\t\t<div class=\"elementor-widget-wrap elementor-element-populated\">\n\t\t\t\t\t\t<div class=\"elementor-element elementor-element-9425961 elementor-widget elementor-widget-image\" data-id=\"9425961\" data-element_type=\"widget\" data-widget_type=\"image.default\">\n\t\t\t\t<div class=\"elementor-widget-container\">\n\t\t\t\t\t\t\t\t\t\t\t\t\t\t\t<img fetchpriority=\"high\" decoding=\"async\" width=\"1920\" height=\"2560\" src=\"http:\/\/moulindugeer.be\/wp-content\/uploads\/2021\/01\/Ju-on-the-Road-Moulin-Castral-24-scaled.jpg\" class=\"attachment-full size-full wp-image-1942\" alt=\"\" srcset=\"http:\/\/moulindugeer.be\/wp-content\/uploads\/2021\/01\/Ju-on-the-Road-Moulin-Castral-24-scaled.jpg 1920w, http:\/\/moulindugeer.be\/wp-content\/uploads\/2021\/01\/Ju-on-the-Road-Moulin-Castral-24-225x300.jpg 225w, http:\/\/moulindugeer.be\/wp-content\/uploads\/2021\/01\/Ju-on-the-Road-Moulin-Castral-24-768x1024.jpg 768w, http:\/\/moulindugeer.be\/wp-content\/uploads\/2021\/01\/Ju-on-the-Road-Moulin-Castral-24-1152x1536.jpg 1152w, http:\/\/moulindugeer.be\/wp-content\/uploads\/2021\/01\/Ju-on-the-Road-Moulin-Castral-24-1536x2048.jpg 1536w, http:\/\/moulindugeer.be\/wp-content\/uploads\/2021\/01\/Ju-on-the-Road-Moulin-Castral-24-9x12.jpg 9w\" sizes=\"(max-width: 1920px) 100vw, 1920px\" \/>\t\t\t\t\t\t\t\t\t\t\t\t\t\t\t<\/div>\n\t\t\t\t<\/div>\n\t\t\t\t\t<\/div>\n\t\t<\/div>\n\t\t\t\t\t<\/div>\n\t\t<\/section>\n\t\t\t\t\t<\/div>\n\t\t<\/div>\n\t\t\t\t\t<\/div>\n\t\t<\/section>\n\t\t\t\t<section class=\"elementor-section elementor-top-section elementor-element elementor-element-26d4892 elementor-section-boxed elementor-section-height-default elementor-section-height-default\" data-id=\"26d4892\" data-element_type=\"section\">\n\t\t\t\t\t\t<div class=\"elementor-container elementor-column-gap-default\">\n\t\t\t\t\t<div class=\"elementor-column elementor-col-100 elementor-top-column elementor-element elementor-element-2ab6c30\" data-id=\"2ab6c30\" data-element_type=\"column\">\n\t\t\t<div class=\"elementor-widget-wrap elementor-element-populated\">\n\t\t\t\t\t\t<div class=\"elementor-element elementor-element-01e4f7e elementor-widget elementor-widget-spacer\" data-id=\"01e4f7e\" data-element_type=\"widget\" data-widget_type=\"spacer.default\">\n\t\t\t\t<div class=\"elementor-widget-container\">\n\t\t\t\t\t\t\t<div class=\"elementor-spacer\">\n\t\t\t<div class=\"elementor-spacer-inner\"><\/div>\n\t\t<\/div>\n\t\t\t\t\t\t<\/div>\n\t\t\t\t<\/div>\n\t\t\t\t\t<\/div>\n\t\t<\/div>\n\t\t\t\t\t<\/div>\n\t\t<\/section>\n\t\t\t\t<section class=\"elementor-section elementor-top-section elementor-element elementor-element-caf41b8 animated-slow elementor-section-full_width elementor-section-height-default elementor-section-height-default elementor-invisible\" data-id=\"caf41b8\" data-element_type=\"section\" data-settings=\"{&quot;animation&quot;:&quot;fadeIn&quot;,&quot;background_background&quot;:&quot;classic&quot;}\">\n\t\t\t\t\t\t<div class=\"elementor-container elementor-column-gap-default\">\n\t\t\t\t\t<div class=\"elementor-column elementor-col-33 elementor-top-column elementor-element elementor-element-d973d5f\" data-id=\"d973d5f\" data-element_type=\"column\">\n\t\t\t<div class=\"elementor-widget-wrap elementor-element-populated\">\n\t\t\t\t\t\t<div class=\"elementor-element elementor-element-3b7d295 elementor-position-top elementor-widget elementor-widget-image-box\" data-id=\"3b7d295\" data-element_type=\"widget\" data-widget_type=\"image-box.default\">\n\t\t\t\t<div class=\"elementor-widget-container\">\n\t\t\t\t\t<div class=\"elementor-image-box-wrapper\"><figure class=\"elementor-image-box-img\"><img decoding=\"async\" src=\"http:\/\/moulindugeer.be\/wp-content\/uploads\/elementor\/thumbs\/fleur-24-scaled-p8dlg77n7wprts5irqxp35mixbq4yurmp2mbcc4q8g.jpg\" title=\"fleur-24\" alt=\"fleur-24\" class=\"elementor-animation-grow\" loading=\"lazy\" \/><\/figure><div class=\"elementor-image-box-content\"><h5 class=\"elementor-image-box-title\">D\u00e9coration florale<\/h5><p class=\"elementor-image-box-description\">Pour tous vos \u00e9v\u00e9nements ...<\/p><\/div><\/div>\t\t\t\t<\/div>\n\t\t\t\t<\/div>\n\t\t\t\t\t<\/div>\n\t\t<\/div>\n\t\t\t\t<div class=\"elementor-column elementor-col-33 elementor-top-column elementor-element elementor-element-f0090fe\" data-id=\"f0090fe\" data-element_type=\"column\">\n\t\t\t<div class=\"elementor-widget-wrap elementor-element-populated\">\n\t\t\t\t\t\t<div class=\"elementor-element elementor-element-be07874 elementor-position-top elementor-widget elementor-widget-image-box\" data-id=\"be07874\" data-element_type=\"widget\" data-widget_type=\"image-box.default\">\n\t\t\t\t<div class=\"elementor-widget-container\">\n\t\t\t\t\t<div class=\"elementor-image-box-wrapper\"><figure class=\"elementor-image-box-img\"><img decoding=\"async\" src=\"http:\/\/moulindugeer.be\/wp-content\/uploads\/elementor\/thumbs\/MOULINCASTRAL-277-copie-raeu31rhg6trozbouyf1xpyofruq9t7cofuody8jbk.jpg\" title=\"MOULINCASTRAL-277 copie\" alt=\"MOULINCASTRAL-277 copie\" class=\"elementor-animation-grow\" loading=\"lazy\" \/><\/figure><div class=\"elementor-image-box-content\"><h5 class=\"elementor-image-box-title\">Se r\u00e9unir + petite restauration (bistrot)<\/h5><p class=\"elementor-image-box-description\">Grande salle \u00e0 manger et cuisine pour r\u00e9unir les 3 g\u00eetes et Le Bistrot du moulin castral (tous les dimanches)<\/p><\/div><\/div>\t\t\t\t<\/div>\n\t\t\t\t<\/div>\n\t\t\t\t\t<\/div>\n\t\t<\/div>\n\t\t\t\t<div class=\"elementor-column elementor-col-33 elementor-top-column elementor-element elementor-element-7c27552\" data-id=\"7c27552\" data-element_type=\"column\">\n\t\t\t<div class=\"elementor-widget-wrap elementor-element-populated\">\n\t\t\t\t\t\t<div class=\"elementor-element elementor-element-303e2e5 elementor-position-top elementor-widget elementor-widget-image-box\" data-id=\"303e2e5\" data-element_type=\"widget\" data-widget_type=\"image-box.default\">\n\t\t\t\t<div class=\"elementor-widget-container\">\n\t\t\t\t\t<div class=\"elementor-image-box-wrapper\"><figure class=\"elementor-image-box-img\"><img decoding=\"async\" src=\"http:\/\/moulindugeer.be\/wp-content\/uploads\/elementor\/thumbs\/Nettoyage-de-locaux-p8dli02ibh6k2vjb90yyd79bwwugpyx3xzmtgfgkb4.jpg\" title=\"Nettoyage-de-locaux\" alt=\"Nettoyage-de-locaux\" class=\"elementor-animation-grow\" loading=\"lazy\" \/><\/figure><div class=\"elementor-image-box-content\"><h5 class=\"elementor-image-box-title\">Nettoyage interm\u00e9diaire<\/h5><p class=\"elementor-image-box-description\">Nous nous occupons du nettoyage durant votre s\u00e9jour<\/p><\/div><\/div>\t\t\t\t<\/div>\n\t\t\t\t<\/div>\n\t\t\t\t\t<\/div>\n\t\t<\/div>\n\t\t\t\t\t<\/div>\n\t\t<\/section>\n\t\t\t\t<section class=\"elementor-section elementor-top-section elementor-element elementor-element-3a0e1b4 elementor-section-boxed elementor-section-height-default elementor-section-height-default\" data-id=\"3a0e1b4\" data-element_type=\"section\">\n\t\t\t\t\t\t<div class=\"elementor-container elementor-column-gap-default\">\n\t\t\t\t\t<div class=\"elementor-column elementor-col-100 elementor-top-column elementor-element elementor-element-3b429fd\" data-id=\"3b429fd\" data-element_type=\"column\">\n\t\t\t<div class=\"elementor-widget-wrap elementor-element-populated\">\n\t\t\t\t\t\t<div class=\"elementor-element elementor-element-308d2f4 elementor-widget elementor-widget-spacer\" data-id=\"308d2f4\" data-element_type=\"widget\" data-widget_type=\"spacer.default\">\n\t\t\t\t<div class=\"elementor-widget-container\">\n\t\t\t\t\t\t\t<div class=\"elementor-spacer\">\n\t\t\t<div class=\"elementor-spacer-inner\"><\/div>\n\t\t<\/div>\n\t\t\t\t\t\t<\/div>\n\t\t\t\t<\/div>\n\t\t\t\t\t<\/div>\n\t\t<\/div>\n\t\t\t\t\t<\/div>\n\t\t<\/section>\n\t\t\t\t<\/div>\n\t\t","protected":false},"excerpt":{"rendered":"<p>Votre s\u00e9jour Nous mettons \u00e0 votre disposition divers services additionnels sur demande pour que votre s\u00e9jour et\/ou votre \u00e9v\u00e8nement correspondent \u00e0 vos besoins. D\u00e9coration florale Pour tous vos \u00e9v\u00e9nements &#8230; Se r\u00e9unir + petite restauration (bistrot) Grande salle \u00e0 manger et cuisine pour r\u00e9unir les 3 g\u00eetes et Le Bistrot du moulin castral (tous les [&hellip;]<\/p>\n","protected":false},"author":1,"featured_media":0,"parent":0,"menu_order":0,"comment_status":"closed","ping_status":"closed","template":"","meta":{"footnotes":""},"class_list":["post-21","page","type-page","status-publish","hentry"],"yoast_head":"<!-- This site is optimized with the Yoast SEO plugin v26.5 - https:\/\/yoast.com\/wordpress\/plugins\/seo\/ -->\n<title>Nos services - Moulin castral de Hollogne-sur-Geer<\/title>\n<meta name=\"robots\" content=\"index, follow, max-snippet:-1, max-image-preview:large, max-video-preview:-1\" \/>\n<link rel=\"canonical\" href=\"https:\/\/moulindugeer.be\/fr\/nos-services\/\" \/>\n<meta property=\"og:locale\" content=\"fr_FR\" \/>\n<meta property=\"og:type\" content=\"article\" \/>\n<meta property=\"og:title\" content=\"Nos services - Moulin castral de Hollogne-sur-Geer\" \/>\n<meta property=\"og:description\" content=\"Votre s\u00e9jour Nous mettons \u00e0 votre disposition divers services additionnels sur demande pour que votre s\u00e9jour et\/ou votre \u00e9v\u00e8nement correspondent \u00e0 vos besoins. D\u00e9coration florale Pour tous vos \u00e9v\u00e9nements &#8230; Se r\u00e9unir + petite restauration (bistrot) Grande salle \u00e0 manger et cuisine pour r\u00e9unir les 3 g\u00eetes et Le Bistrot du moulin castral (tous les [&hellip;]\" \/>\n<meta property=\"og:url\" content=\"https:\/\/moulindugeer.be\/fr\/nos-services\/\" \/>\n<meta property=\"og:site_name\" content=\"Moulin castral de Hollogne-sur-Geer\" \/>\n<meta property=\"article:publisher\" content=\"https:\/\/www.facebook.com\/moulincastraldehollognesurgeer\" \/>\n<meta property=\"article:modified_time\" content=\"2026-01-13T09:20:06+00:00\" \/>\n<meta property=\"og:image\" content=\"http:\/\/moulindugeer.be\/wp-content\/uploads\/2021\/01\/Ju-on-the-Road-Moulin-Castral-24-scaled.jpg\" \/>\n<meta name=\"twitter:card\" content=\"summary_large_image\" \/>\n<meta name=\"twitter:label1\" content=\"Dur\u00e9e de lecture est.\" \/>\n\t<meta name=\"twitter:data1\" content=\"2 minutes\" \/>\n<script type=\"application\/ld+json\" class=\"yoast-schema-graph\">{\"@context\":\"https:\/\/schema.org\",\"@graph\":[{\"@type\":\"WebPage\",\"@id\":\"https:\/\/moulindugeer.be\/fr\/nos-services\/\",\"url\":\"https:\/\/moulindugeer.be\/fr\/nos-services\/\",\"name\":\"Nos services - Moulin castral de Hollogne-sur-Geer\",\"isPartOf\":{\"@id\":\"https:\/\/moulindugeer.be\/fr\/#website\"},\"primaryImageOfPage\":{\"@id\":\"https:\/\/moulindugeer.be\/fr\/nos-services\/#primaryimage\"},\"image\":{\"@id\":\"https:\/\/moulindugeer.be\/fr\/nos-services\/#primaryimage\"},\"thumbnailUrl\":\"http:\/\/moulindugeer.be\/wp-content\/uploads\/2021\/01\/Ju-on-the-Road-Moulin-Castral-24-scaled.jpg\",\"datePublished\":\"2020-11-25T15:28:38+00:00\",\"dateModified\":\"2026-01-13T09:20:06+00:00\",\"breadcrumb\":{\"@id\":\"https:\/\/moulindugeer.be\/fr\/nos-services\/#breadcrumb\"},\"inLanguage\":\"fr-BE\",\"potentialAction\":[{\"@type\":\"ReadAction\",\"target\":[\"https:\/\/moulindugeer.be\/fr\/nos-services\/\"]}]},{\"@type\":\"ImageObject\",\"inLanguage\":\"fr-BE\",\"@id\":\"https:\/\/moulindugeer.be\/fr\/nos-services\/#primaryimage\",\"url\":\"http:\/\/moulindugeer.be\/wp-content\/uploads\/2021\/01\/Ju-on-the-Road-Moulin-Castral-24-scaled.jpg\",\"contentUrl\":\"http:\/\/moulindugeer.be\/wp-content\/uploads\/2021\/01\/Ju-on-the-Road-Moulin-Castral-24-scaled.jpg\"},{\"@type\":\"BreadcrumbList\",\"@id\":\"https:\/\/moulindugeer.be\/fr\/nos-services\/#breadcrumb\",\"itemListElement\":[{\"@type\":\"ListItem\",\"position\":1,\"name\":\"Accueil\",\"item\":\"https:\/\/moulindugeer.be\/fr\/\"},{\"@type\":\"ListItem\",\"position\":2,\"name\":\"Nos services\"}]},{\"@type\":\"WebSite\",\"@id\":\"https:\/\/moulindugeer.be\/fr\/#website\",\"url\":\"https:\/\/moulindugeer.be\/fr\/\",\"name\":\"Moulin castral de Hollogne-sur-Geer\",\"description\":\"\",\"publisher\":{\"@id\":\"https:\/\/moulindugeer.be\/fr\/#organization\"},\"potentialAction\":[{\"@type\":\"SearchAction\",\"target\":{\"@type\":\"EntryPoint\",\"urlTemplate\":\"https:\/\/moulindugeer.be\/fr\/?s={search_term_string}\"},\"query-input\":{\"@type\":\"PropertyValueSpecification\",\"valueRequired\":true,\"valueName\":\"search_term_string\"}}],\"inLanguage\":\"fr-BE\"},{\"@type\":\"Organization\",\"@id\":\"https:\/\/moulindugeer.be\/fr\/#organization\",\"name\":\"Moulin castral de Hollogne-sur-Geer\",\"url\":\"https:\/\/moulindugeer.be\/fr\/\",\"logo\":{\"@type\":\"ImageObject\",\"inLanguage\":\"fr-BE\",\"@id\":\"https:\/\/moulindugeer.be\/fr\/#\/schema\/logo\/image\/\",\"url\":\"http:\/\/moulindugeer.be\/wp-content\/uploads\/2020\/11\/logo-titre.png\",\"contentUrl\":\"http:\/\/moulindugeer.be\/wp-content\/uploads\/2020\/11\/logo-titre.png\",\"width\":1236,\"height\":311,\"caption\":\"Moulin castral de Hollogne-sur-Geer\"},\"image\":{\"@id\":\"https:\/\/moulindugeer.be\/fr\/#\/schema\/logo\/image\/\"},\"sameAs\":[\"https:\/\/www.facebook.com\/moulincastraldehollognesurgeer\"]}]}<\/script>\n<!-- \/ Yoast SEO plugin. -->","yoast_head_json":{"title":"Nos services - Moulin castral de Hollogne-sur-Geer","robots":{"index":"index","follow":"follow","max-snippet":"max-snippet:-1","max-image-preview":"max-image-preview:large","max-video-preview":"max-video-preview:-1"},"canonical":"https:\/\/moulindugeer.be\/fr\/nos-services\/","og_locale":"fr_FR","og_type":"article","og_title":"Nos services - Moulin castral de Hollogne-sur-Geer","og_description":"Votre s\u00e9jour Nous mettons \u00e0 votre disposition divers services additionnels sur demande pour que votre s\u00e9jour et\/ou votre \u00e9v\u00e8nement correspondent \u00e0 vos besoins. D\u00e9coration florale Pour tous vos \u00e9v\u00e9nements &#8230; Se r\u00e9unir + petite restauration (bistrot) Grande salle \u00e0 manger et cuisine pour r\u00e9unir les 3 g\u00eetes et Le Bistrot du moulin castral (tous les [&hellip;]","og_url":"https:\/\/moulindugeer.be\/fr\/nos-services\/","og_site_name":"Moulin castral de Hollogne-sur-Geer","article_publisher":"https:\/\/www.facebook.com\/moulincastraldehollognesurgeer","article_modified_time":"2026-01-13T09:20:06+00:00","og_image":[{"url":"http:\/\/moulindugeer.be\/wp-content\/uploads\/2021\/01\/Ju-on-the-Road-Moulin-Castral-24-scaled.jpg","type":"","width":"","height":""}],"twitter_card":"summary_large_image","twitter_misc":{"Dur\u00e9e de lecture est.":"2 minutes"},"schema":{"@context":"https:\/\/schema.org","@graph":[{"@type":"WebPage","@id":"https:\/\/moulindugeer.be\/fr\/nos-services\/","url":"https:\/\/moulindugeer.be\/fr\/nos-services\/","name":"Nos services - Moulin castral de Hollogne-sur-Geer","isPartOf":{"@id":"https:\/\/moulindugeer.be\/fr\/#website"},"primaryImageOfPage":{"@id":"https:\/\/moulindugeer.be\/fr\/nos-services\/#primaryimage"},"image":{"@id":"https:\/\/moulindugeer.be\/fr\/nos-services\/#primaryimage"},"thumbnailUrl":"http:\/\/moulindugeer.be\/wp-content\/uploads\/2021\/01\/Ju-on-the-Road-Moulin-Castral-24-scaled.jpg","datePublished":"2020-11-25T15:28:38+00:00","dateModified":"2026-01-13T09:20:06+00:00","breadcrumb":{"@id":"https:\/\/moulindugeer.be\/fr\/nos-services\/#breadcrumb"},"inLanguage":"fr-BE","potentialAction":[{"@type":"ReadAction","target":["https:\/\/moulindugeer.be\/fr\/nos-services\/"]}]},{"@type":"ImageObject","inLanguage":"fr-BE","@id":"https:\/\/moulindugeer.be\/fr\/nos-services\/#primaryimage","url":"http:\/\/moulindugeer.be\/wp-content\/uploads\/2021\/01\/Ju-on-the-Road-Moulin-Castral-24-scaled.jpg","contentUrl":"http:\/\/moulindugeer.be\/wp-content\/uploads\/2021\/01\/Ju-on-the-Road-Moulin-Castral-24-scaled.jpg"},{"@type":"BreadcrumbList","@id":"https:\/\/moulindugeer.be\/fr\/nos-services\/#breadcrumb","itemListElement":[{"@type":"ListItem","position":1,"name":"Accueil","item":"https:\/\/moulindugeer.be\/fr\/"},{"@type":"ListItem","position":2,"name":"Nos services"}]},{"@type":"WebSite","@id":"https:\/\/moulindugeer.be\/fr\/#website","url":"https:\/\/moulindugeer.be\/fr\/","name":"Moulin castral de Hollogne-sur-Geer","description":"","publisher":{"@id":"https:\/\/moulindugeer.be\/fr\/#organization"},"potentialAction":[{"@type":"SearchAction","target":{"@type":"EntryPoint","urlTemplate":"https:\/\/moulindugeer.be\/fr\/?s={search_term_string}"},"query-input":{"@type":"PropertyValueSpecification","valueRequired":true,"valueName":"search_term_string"}}],"inLanguage":"fr-BE"},{"@type":"Organization","@id":"https:\/\/moulindugeer.be\/fr\/#organization","name":"Moulin castral de Hollogne-sur-Geer","url":"https:\/\/moulindugeer.be\/fr\/","logo":{"@type":"ImageObject","inLanguage":"fr-BE","@id":"https:\/\/moulindugeer.be\/fr\/#\/schema\/logo\/image\/","url":"http:\/\/moulindugeer.be\/wp-content\/uploads\/2020\/11\/logo-titre.png","contentUrl":"http:\/\/moulindugeer.be\/wp-content\/uploads\/2020\/11\/logo-titre.png","width":1236,"height":311,"caption":"Moulin castral de Hollogne-sur-Geer"},"image":{"@id":"https:\/\/moulindugeer.be\/fr\/#\/schema\/logo\/image\/"},"sameAs":["https:\/\/www.facebook.com\/moulincastraldehollognesurgeer"]}]}},"_links":{"self":[{"href":"https:\/\/moulindugeer.be\/fr\/wp-json\/wp\/v2\/pages\/21","targetHints":{"allow":["GET"]}}],"collection":[{"href":"https:\/\/moulindugeer.be\/fr\/wp-json\/wp\/v2\/pages"}],"about":[{"href":"https:\/\/moulindugeer.be\/fr\/wp-json\/wp\/v2\/types\/page"}],"author":[{"embeddable":true,"href":"https:\/\/moulindugeer.be\/fr\/wp-json\/wp\/v2\/users\/1"}],"replies":[{"embeddable":true,"href":"https:\/\/moulindugeer.be\/fr\/wp-json\/wp\/v2\/comments?post=21"}],"version-history":[{"count":268,"href":"https:\/\/moulindugeer.be\/fr\/wp-json\/wp\/v2\/pages\/21\/revisions"}],"predecessor-version":[{"id":4190,"href":"https:\/\/moulindugeer.be\/fr\/wp-json\/wp\/v2\/pages\/21\/revisions\/4190"}],"wp:attachment":[{"href":"https:\/\/moulindugeer.be\/fr\/wp-json\/wp\/v2\/media?parent=21"}],"curies":[{"name":"wp","href":"https:\/\/api.w.org\/{rel}","templated":true}]}}