{"id":25,"date":"2020-11-25T16:29:39","date_gmt":"2020-11-25T15:29:39","guid":{"rendered":"http:\/\/mdg.bergaus.be\/?page_id=25"},"modified":"2025-12-18T21:30:26","modified_gmt":"2025-12-18T20:30:26","slug":"le-concept","status":"publish","type":"page","link":"https:\/\/moulindugeer.be\/fr\/le-concept\/","title":{"rendered":"Le concept"},"content":{"rendered":"\t\t<div data-elementor-type=\"wp-page\" data-elementor-id=\"25\" class=\"elementor elementor-25\" data-elementor-post-type=\"page\">\n\t\t\t\t\t\t<section class=\"elementor-section elementor-top-section elementor-element elementor-element-0ebcb7c elementor-section-full_width elementor-reverse-mobile elementor-section-height-default elementor-section-height-default\" data-id=\"0ebcb7c\" data-element_type=\"section\">\n\t\t\t\t\t\t<div class=\"elementor-container elementor-column-gap-default\">\n\t\t\t\t\t<div class=\"elementor-column elementor-col-50 elementor-top-column elementor-element elementor-element-a6bf8b1\" data-id=\"a6bf8b1\" data-element_type=\"column\">\n\t\t\t<div class=\"elementor-widget-wrap elementor-element-populated\">\n\t\t\t\t\t\t<div class=\"elementor-element elementor-element-f441fff elementor-widget elementor-widget-image\" data-id=\"f441fff\" data-element_type=\"widget\" data-widget_type=\"image.default\">\n\t\t\t\t<div class=\"elementor-widget-container\">\n\t\t\t\t\t\t\t\t\t\t\t\t\t\t\t<img decoding=\"async\" src=\"https:\/\/moulindugeer.be\/wp-content\/uploads\/2025\/08\/MOULINCASTRAL-309-copie.jpg\" title=\"MOULINCASTRAL-309 copie\" alt=\"MOULINCASTRAL-309 copie\" loading=\"lazy\" \/>\t\t\t\t\t\t\t\t\t\t\t\t\t\t\t<\/div>\n\t\t\t\t<\/div>\n\t\t\t\t\t<\/div>\n\t\t<\/div>\n\t\t\t\t<div class=\"elementor-column elementor-col-50 elementor-top-column elementor-element elementor-element-9e46f1f\" data-id=\"9e46f1f\" data-element_type=\"column\" data-settings=\"{&quot;background_background&quot;:&quot;classic&quot;}\">\n\t\t\t<div class=\"elementor-widget-wrap elementor-element-populated\">\n\t\t\t\t\t\t<div class=\"elementor-element elementor-element-c31bf02 elementor-widget elementor-widget-heading\" data-id=\"c31bf02\" data-element_type=\"widget\" data-widget_type=\"heading.default\">\n\t\t\t\t<div class=\"elementor-widget-container\">\n\t\t\t\t\t<h1 class=\"elementor-heading-title elementor-size-default\">Les propri\u00e9taires des lieux<\/h1>\t\t\t\t<\/div>\n\t\t\t\t<\/div>\n\t\t\t\t<div class=\"elementor-element elementor-element-a8efa59 elementor-widget elementor-widget-text-editor\" data-id=\"a8efa59\" data-element_type=\"widget\" data-widget_type=\"text-editor.default\">\n\t\t\t\t<div class=\"elementor-widget-container\">\n\t\t\t\t\t\t\t\t\t<p><strong>Pierre<\/strong>, architecte passionn\u00e9 de patrimoine et <strong>Laurence<\/strong>, fleuriste de formation et chineuse confirm\u00e9e.<\/p><p>D\u00e8s le r\u00e9veil, accompagn\u00e9 de son cacao froid, les id\u00e9es fusent dans la t\u00eate de Laurence et Pierre d\u00e9marre les travaux. Ce projet, c&rsquo;est celui de toute une vie, un univers o\u00f9 on peut s&rsquo;amuser et cr\u00e9er de nouvelles choses au quotidien. Le partage de cette <strong>passion<\/strong>, de ce patrimoine, font vibrer ce couple au rythme de la nature. Ils ne se lassent jamais de ces moments de rencontre et de d\u00e9couverte o\u00f9 la convivialit\u00e9 prime. Le soir, ils finissent volontiers la journ\u00e9e avec un plat de vongole autour du feu ext\u00e9rieur, accompagn\u00e9s de leur famille et de leur amis. Au final, Laurence et Pierre, ce sont deux amoureux de l&rsquo;humain et des petits plaisirs de la vie.<\/p><p>En restaurant ce vieux b\u00e2timent historique, ils ont voulu pr\u00e9server <strong>l&rsquo;authenticit\u00e9<\/strong> des lieux et ses mat\u00e9riaux d&rsquo;origine en gardant, notamment, toutes les traces de son histoire. En passant le portail, vous d\u00e9couvrirez un domaine verdoyant qui se fond dans ce paysage de champs \u00e0 perte de vue. Des mat\u00e9riaux bruts, charg\u00e9s d&rsquo;histoire et qui ne d\u00e9naturent pas la beaut\u00e9 de ce site class\u00e9.<\/p>\t\t\t\t\t\t\t\t<\/div>\n\t\t\t\t<\/div>\n\t\t\t\t\t<\/div>\n\t\t<\/div>\n\t\t\t\t\t<\/div>\n\t\t<\/section>\n\t\t\t\t<section class=\"elementor-section elementor-top-section elementor-element elementor-element-de1c200 elementor-section-full_width elementor-section-height-default elementor-section-height-default\" data-id=\"de1c200\" data-element_type=\"section\">\n\t\t\t\t\t\t<div class=\"elementor-container elementor-column-gap-default\">\n\t\t\t\t\t<div class=\"elementor-column elementor-col-50 elementor-top-column elementor-element elementor-element-376e754\" data-id=\"376e754\" data-element_type=\"column\" data-settings=\"{&quot;background_background&quot;:&quot;classic&quot;}\">\n\t\t\t<div class=\"elementor-widget-wrap elementor-element-populated\">\n\t\t\t\t\t\t<div class=\"elementor-element elementor-element-2662f54 elementor-widget elementor-widget-heading\" data-id=\"2662f54\" data-element_type=\"widget\" data-widget_type=\"heading.default\">\n\t\t\t\t<div class=\"elementor-widget-container\">\n\t\t\t\t\t<h1 class=\"elementor-heading-title elementor-size-default\">L'histoire du moulin<\/h1>\t\t\t\t<\/div>\n\t\t\t\t<\/div>\n\t\t\t\t<div class=\"elementor-element elementor-element-6531bb1 elementor-widget elementor-widget-text-editor\" data-id=\"6531bb1\" data-element_type=\"widget\" data-widget_type=\"text-editor.default\">\n\t\t\t\t<div class=\"elementor-widget-container\">\n\t\t\t\t\t\t\t\t\t<p>Le site est constitu\u00e9 de <strong>deux moulins<\/strong>. Le plus ancien, le moulin \u00e0 farine, date de <strong>1646<\/strong>&nbsp;et est b\u00e2ti sur une ancienne tour de garde du barrage (13\u00e8me si\u00e8cle) servant de retenue d&rsquo;eau pour faire monter les eaux de la rivi\u00e8re Le Geer et par d\u00e9bordement, inonder les douves du ch\u00e2teaux, cr\u00e9ant ainsi un syst\u00e8me de d\u00e9fense&nbsp;; le second moulin, le moulin \u00e0 dr\u00e8che (mati\u00e8re solide de la cuve de fermentation de la bi\u00e8re) date d&rsquo;environ 1740.<\/p>\n<p>Les deux b\u00e2timents sont dans un \u00e9tat de conservation remarquable.<\/p>\n<p>Le moulin \u00e0 dr\u00e8che ne poss\u00e8de plus sa roue mais le moulin \u00e0 farine est \u00e9quip\u00e9 d&rsquo;une roue du 19e si\u00e8cle et produit de l&rsquo;\u00e9lectricit\u00e9 verte.<\/p>\n<p>Le ch\u00e2teau tout proche poss\u00e8de encore une tour de 1652, un corps de garde et \u00e9curie de 1779, ainsi qu&rsquo;un pan de mur du premier ch\u00e2teau (tour carr\u00e9e) du 13e si\u00e8cle et les soubassements tra\u00e7ant une cour carr\u00e9e de 30m de c\u00f4t\u00e9.<\/p>\n<p>Le site du ch\u00e2teau a \u00e9t\u00e9 le lieu de plusieurs batailles dont celle, en 1453, &nbsp;du li\u00e9geois Guillaume de la Marck, durant laquelle il perdit 2000 soldats.&nbsp;<span style=\"background-color: var( --e-global-color-0f95048 ); font-size: 1rem;\">Louis XIV est venu se battre au ch\u00e2teau de Hollogne-sur-Geer.<\/span><\/p>\n<p>Le moulin de 1646 porte les blasons du seigneur et de sa dame, Godefroid de Seraing et Isabelle de Ponty, dont les corps reposent dans le mausol\u00e9e pr\u00e9sent dans l&rsquo;\u00e9glise Sainte-Brice du village et dont le couvercle est d\u00e9cor\u00e9 de deux gisants sur la dalle de couverture. L&rsquo;\u00e9glise class\u00e9e date du 13e si\u00e8cle.<\/p>\n<p>Une brasserie seigneuriale de 1753, dont le pignon est \u00e9galement class\u00e9, est situ\u00e9e \u00e0 l&rsquo;entr\u00e9e du moulin avec sa source d&rsquo;eau encore potable aujourd&rsquo;hui, qui a servi \u00e0 la fabrication de la bi\u00e8re local.<\/p>\n<p>Un souterrain d&rsquo;\u00e9vacuation relierait le ch\u00e2teau au moulin et \u00e0 la brasserie, mais son origine n&rsquo;est pas certaine.<\/p>\t\t\t\t\t\t\t\t<\/div>\n\t\t\t\t<\/div>\n\t\t\t\t\t<\/div>\n\t\t<\/div>\n\t\t\t\t<div class=\"elementor-column elementor-col-50 elementor-top-column elementor-element elementor-element-1d6b227\" data-id=\"1d6b227\" data-element_type=\"column\" data-settings=\"{&quot;background_background&quot;:&quot;classic&quot;}\">\n\t\t\t<div class=\"elementor-widget-wrap elementor-element-populated\">\n\t\t\t\t\t\t<div class=\"elementor-element elementor-element-9bdf63f elementor-widget elementor-widget-image\" data-id=\"9bdf63f\" data-element_type=\"widget\" data-widget_type=\"image.default\">\n\t\t\t\t<div class=\"elementor-widget-container\">\n\t\t\t\t\t\t\t\t\t\t\t\t\t\t\t<img decoding=\"async\" src=\"https:\/\/moulindugeer.be\/wp-content\/uploads\/2021\/03\/MoulinEn1944-550.jpg\" title=\"MoulinEn1944-550\" alt=\"MoulinEn1944-550\" loading=\"lazy\" \/>\t\t\t\t\t\t\t\t\t\t\t\t\t\t\t<\/div>\n\t\t\t\t<\/div>\n\t\t\t\t\t<\/div>\n\t\t<\/div>\n\t\t\t\t\t<\/div>\n\t\t<\/section>\n\t\t\t\t<section class=\"elementor-section elementor-top-section elementor-element elementor-element-7dd11ff elementor-section-full_width elementor-reverse-mobile elementor-section-height-default elementor-section-height-default\" data-id=\"7dd11ff\" data-element_type=\"section\">\n\t\t\t\t\t\t<div class=\"elementor-container elementor-column-gap-default\">\n\t\t\t\t\t<div class=\"elementor-column elementor-col-50 elementor-top-column elementor-element elementor-element-efc22da\" data-id=\"efc22da\" data-element_type=\"column\" data-settings=\"{&quot;background_background&quot;:&quot;classic&quot;}\">\n\t\t\t<div class=\"elementor-widget-wrap elementor-element-populated\">\n\t\t\t\t\t\t<div class=\"elementor-element elementor-element-19c2da1 elementor-widget elementor-widget-image\" data-id=\"19c2da1\" data-element_type=\"widget\" data-widget_type=\"image.default\">\n\t\t\t\t<div class=\"elementor-widget-container\">\n\t\t\t\t\t\t\t\t\t\t\t\t\t\t\t<img decoding=\"async\" src=\"https:\/\/moulindugeer.be\/wp-content\/uploads\/2025\/08\/Villaret-1740.png\" title=\"Villaret 1740\" alt=\"Villaret 1740\" loading=\"lazy\" \/>\t\t\t\t\t\t\t\t\t\t\t\t\t\t\t<\/div>\n\t\t\t\t<\/div>\n\t\t\t\t\t<\/div>\n\t\t<\/div>\n\t\t\t\t<div class=\"elementor-column elementor-col-50 elementor-top-column elementor-element elementor-element-924cae5\" data-id=\"924cae5\" data-element_type=\"column\" data-settings=\"{&quot;background_background&quot;:&quot;classic&quot;}\">\n\t\t\t<div class=\"elementor-widget-wrap elementor-element-populated\">\n\t\t\t\t\t\t<div class=\"elementor-element elementor-element-9cedd90 elementor-widget elementor-widget-image\" data-id=\"9cedd90\" data-element_type=\"widget\" data-widget_type=\"image.default\">\n\t\t\t\t<div class=\"elementor-widget-container\">\n\t\t\t\t\t\t\t\t\t\t\t\t\t\t\t<img decoding=\"async\" src=\"https:\/\/moulindugeer.be\/wp-content\/uploads\/2021\/03\/photo-avant-1940-500.jpg\" title=\"photo avant 1940-500\" alt=\"photo avant 1940-500\" loading=\"lazy\" \/>\t\t\t\t\t\t\t\t\t\t\t\t\t\t\t<\/div>\n\t\t\t\t<\/div>\n\t\t\t\t<div class=\"elementor-element elementor-element-bd2f0f1 elementor-widget elementor-widget-heading\" data-id=\"bd2f0f1\" data-element_type=\"widget\" data-widget_type=\"heading.default\">\n\t\t\t\t<div class=\"elementor-widget-container\">\n\t\t\t\t\t<h1 class=\"elementor-heading-title elementor-size-default\">R\u00e9novation du moulin<\/h1>\t\t\t\t<\/div>\n\t\t\t\t<\/div>\n\t\t\t\t<div class=\"elementor-element elementor-element-255a980 elementor-widget elementor-widget-text-editor\" data-id=\"255a980\" data-element_type=\"widget\" data-widget_type=\"text-editor.default\">\n\t\t\t\t<div class=\"elementor-widget-container\">\n\t\t\t\t\t\t\t\t\t<p>La derni\u00e8re version de l\u2019ancien moulin seigneurial date de 1646 mais les ma\u00e7onneries encore pr\u00e9sentes t\u00e9moignent de l\u2019existence d\u2019une ancienne tour de garde du barrage sur la rivi\u00e8re, qui servait \u00e0 l\u2019alimentation des douves du premier ch\u00e2teau (tour carr\u00e9e en moellons).<\/p>\n<p>Le moulin \u00e0 dr\u00e8che de 1740 est accol\u00e9 au premier moulin \u00e0 farine et poss\u00e9dait sa propre roue.&nbsp;Les ma\u00e7onneries et la charpente sont les t\u00e9moins, inchang\u00e9s depuis des si\u00e8cles, du savoir-faire des b\u00e2tisseurs de l\u2019\u00e9poque.<span class=\"Apple-converted-space\">&nbsp;<\/span><\/p>\n<p>Le moulin a \u00e9t\u00e9 restaur\u00e9 en respectant au mieux l\u2019\u00e9tat d\u2019origine des b\u00e2timents tout en conservant les traces historiques de son \u00e9volution.<span class=\"Apple-converted-space\">&nbsp;<\/span><\/p>\n<p>La fonction de salle de r\u00e9ception occupe les deux moulins et permet de maintenir les lieux autant que possible dans leur \u00e9tat d\u2019origine. Les quelques interventions contemporaines sont potentiellement r\u00e9versibles afin de respecter le caract\u00e8re historique du lieu<\/p>\t\t\t\t\t\t\t\t<\/div>\n\t\t\t\t<\/div>\n\t\t\t\t\t<\/div>\n\t\t<\/div>\n\t\t\t\t\t<\/div>\n\t\t<\/section>\n\t\t\t\t<section class=\"elementor-section elementor-top-section elementor-element elementor-element-86628a2 elementor-section-boxed elementor-section-height-default elementor-section-height-default\" data-id=\"86628a2\" data-element_type=\"section\">\n\t\t\t\t\t\t<div class=\"elementor-container elementor-column-gap-default\">\n\t\t\t\t\t<div class=\"elementor-column elementor-col-100 elementor-top-column elementor-element elementor-element-7d13700\" data-id=\"7d13700\" data-element_type=\"column\">\n\t\t\t<div class=\"elementor-widget-wrap elementor-element-populated\">\n\t\t\t\t\t\t<div class=\"elementor-element elementor-element-c3ade68 elementor-widget elementor-widget-spacer\" data-id=\"c3ade68\" data-element_type=\"widget\" data-widget_type=\"spacer.default\">\n\t\t\t\t<div class=\"elementor-widget-container\">\n\t\t\t\t\t\t\t<div class=\"elementor-spacer\">\n\t\t\t<div class=\"elementor-spacer-inner\"><\/div>\n\t\t<\/div>\n\t\t\t\t\t\t<\/div>\n\t\t\t\t<\/div>\n\t\t\t\t\t<\/div>\n\t\t<\/div>\n\t\t\t\t\t<\/div>\n\t\t<\/section>\n\t\t\t\t<\/div>\n\t\t","protected":false},"excerpt":{"rendered":"<p>Les propri\u00e9taires des lieux Pierre, architecte passionn\u00e9 de patrimoine et Laurence, fleuriste de formation et chineuse confirm\u00e9e. D\u00e8s le r\u00e9veil, accompagn\u00e9 de son cacao froid, les id\u00e9es fusent dans la t\u00eate de Laurence et Pierre d\u00e9marre les travaux. Ce projet, c&rsquo;est celui de toute une vie, un univers o\u00f9 on peut s&rsquo;amuser et cr\u00e9er de [&hellip;]<\/p>\n","protected":false},"author":1,"featured_media":0,"parent":0,"menu_order":0,"comment_status":"closed","ping_status":"closed","template":"","meta":{"footnotes":""},"class_list":["post-25","page","type-page","status-publish","hentry"],"yoast_head":"<!-- This site is optimized with the Yoast SEO plugin v26.5 - https:\/\/yoast.com\/wordpress\/plugins\/seo\/ -->\n<title>Le concept - Moulin castral de Hollogne-sur-Geer<\/title>\n<meta name=\"robots\" content=\"index, follow, max-snippet:-1, max-image-preview:large, max-video-preview:-1\" \/>\n<link rel=\"canonical\" href=\"http:\/\/moulindugeer.be\/fr\/le-concept\/\" \/>\n<meta property=\"og:locale\" content=\"fr_FR\" \/>\n<meta property=\"og:type\" content=\"article\" \/>\n<meta property=\"og:title\" content=\"Le concept - Moulin castral de Hollogne-sur-Geer\" \/>\n<meta property=\"og:description\" content=\"Les propri\u00e9taires des lieux Pierre, architecte passionn\u00e9 de patrimoine et Laurence, fleuriste de formation et chineuse confirm\u00e9e. D\u00e8s le r\u00e9veil, accompagn\u00e9 de son cacao froid, les id\u00e9es fusent dans la t\u00eate de Laurence et Pierre d\u00e9marre les travaux. Ce projet, c&rsquo;est celui de toute une vie, un univers o\u00f9 on peut s&rsquo;amuser et cr\u00e9er de [&hellip;]\" \/>\n<meta property=\"og:url\" content=\"http:\/\/moulindugeer.be\/fr\/le-concept\/\" \/>\n<meta property=\"og:site_name\" content=\"Moulin castral de Hollogne-sur-Geer\" \/>\n<meta property=\"article:publisher\" content=\"https:\/\/www.facebook.com\/moulincastraldehollognesurgeer\" \/>\n<meta property=\"article:modified_time\" content=\"2025-12-18T20:30:26+00:00\" \/>\n<meta property=\"og:image\" content=\"http:\/\/moulindugeer.be\/wp-content\/uploads\/2025\/08\/MOULINCASTRAL-309-copie.jpg\" \/>\n<meta name=\"twitter:card\" content=\"summary_large_image\" \/>\n<meta name=\"twitter:label1\" content=\"Dur\u00e9e de lecture est.\" \/>\n\t<meta name=\"twitter:data1\" content=\"5 minutes\" \/>\n<script type=\"application\/ld+json\" class=\"yoast-schema-graph\">{\"@context\":\"https:\/\/schema.org\",\"@graph\":[{\"@type\":\"WebPage\",\"@id\":\"http:\/\/moulindugeer.be\/fr\/le-concept\/\",\"url\":\"http:\/\/moulindugeer.be\/fr\/le-concept\/\",\"name\":\"Le concept - Moulin castral de Hollogne-sur-Geer\",\"isPartOf\":{\"@id\":\"http:\/\/moulindugeer.be\/fr\/#website\"},\"primaryImageOfPage\":{\"@id\":\"http:\/\/moulindugeer.be\/fr\/le-concept\/#primaryimage\"},\"image\":{\"@id\":\"http:\/\/moulindugeer.be\/fr\/le-concept\/#primaryimage\"},\"thumbnailUrl\":\"http:\/\/moulindugeer.be\/wp-content\/uploads\/2025\/08\/MOULINCASTRAL-309-copie.jpg\",\"datePublished\":\"2020-11-25T15:29:39+00:00\",\"dateModified\":\"2025-12-18T20:30:26+00:00\",\"breadcrumb\":{\"@id\":\"http:\/\/moulindugeer.be\/fr\/le-concept\/#breadcrumb\"},\"inLanguage\":\"fr-BE\",\"potentialAction\":[{\"@type\":\"ReadAction\",\"target\":[\"http:\/\/moulindugeer.be\/fr\/le-concept\/\"]}]},{\"@type\":\"ImageObject\",\"inLanguage\":\"fr-BE\",\"@id\":\"http:\/\/moulindugeer.be\/fr\/le-concept\/#primaryimage\",\"url\":\"http:\/\/moulindugeer.be\/wp-content\/uploads\/2025\/08\/MOULINCASTRAL-309-copie.jpg\",\"contentUrl\":\"http:\/\/moulindugeer.be\/wp-content\/uploads\/2025\/08\/MOULINCASTRAL-309-copie.jpg\"},{\"@type\":\"BreadcrumbList\",\"@id\":\"http:\/\/moulindugeer.be\/fr\/le-concept\/#breadcrumb\",\"itemListElement\":[{\"@type\":\"ListItem\",\"position\":1,\"name\":\"Accueil\",\"item\":\"http:\/\/moulindugeer.be\/fr\/\"},{\"@type\":\"ListItem\",\"position\":2,\"name\":\"Le concept\"}]},{\"@type\":\"WebSite\",\"@id\":\"http:\/\/moulindugeer.be\/fr\/#website\",\"url\":\"http:\/\/moulindugeer.be\/fr\/\",\"name\":\"Moulin castral de Hollogne-sur-Geer\",\"description\":\"\",\"publisher\":{\"@id\":\"http:\/\/moulindugeer.be\/fr\/#organization\"},\"potentialAction\":[{\"@type\":\"SearchAction\",\"target\":{\"@type\":\"EntryPoint\",\"urlTemplate\":\"http:\/\/moulindugeer.be\/fr\/?s={search_term_string}\"},\"query-input\":{\"@type\":\"PropertyValueSpecification\",\"valueRequired\":true,\"valueName\":\"search_term_string\"}}],\"inLanguage\":\"fr-BE\"},{\"@type\":\"Organization\",\"@id\":\"http:\/\/moulindugeer.be\/fr\/#organization\",\"name\":\"Moulin castral de Hollogne-sur-Geer\",\"url\":\"http:\/\/moulindugeer.be\/fr\/\",\"logo\":{\"@type\":\"ImageObject\",\"inLanguage\":\"fr-BE\",\"@id\":\"http:\/\/moulindugeer.be\/fr\/#\/schema\/logo\/image\/\",\"url\":\"http:\/\/moulindugeer.be\/wp-content\/uploads\/2020\/11\/logo-titre.png\",\"contentUrl\":\"http:\/\/moulindugeer.be\/wp-content\/uploads\/2020\/11\/logo-titre.png\",\"width\":1236,\"height\":311,\"caption\":\"Moulin castral de Hollogne-sur-Geer\"},\"image\":{\"@id\":\"http:\/\/moulindugeer.be\/fr\/#\/schema\/logo\/image\/\"},\"sameAs\":[\"https:\/\/www.facebook.com\/moulincastraldehollognesurgeer\"]}]}<\/script>\n<!-- \/ Yoast SEO plugin. -->","yoast_head_json":{"title":"Le concept - Moulin castral de Hollogne-sur-Geer","robots":{"index":"index","follow":"follow","max-snippet":"max-snippet:-1","max-image-preview":"max-image-preview:large","max-video-preview":"max-video-preview:-1"},"canonical":"http:\/\/moulindugeer.be\/fr\/le-concept\/","og_locale":"fr_FR","og_type":"article","og_title":"Le concept - Moulin castral de Hollogne-sur-Geer","og_description":"Les propri\u00e9taires des lieux Pierre, architecte passionn\u00e9 de patrimoine et Laurence, fleuriste de formation et chineuse confirm\u00e9e. D\u00e8s le r\u00e9veil, accompagn\u00e9 de son cacao froid, les id\u00e9es fusent dans la t\u00eate de Laurence et Pierre d\u00e9marre les travaux. Ce projet, c&rsquo;est celui de toute une vie, un univers o\u00f9 on peut s&rsquo;amuser et cr\u00e9er de [&hellip;]","og_url":"http:\/\/moulindugeer.be\/fr\/le-concept\/","og_site_name":"Moulin castral de Hollogne-sur-Geer","article_publisher":"https:\/\/www.facebook.com\/moulincastraldehollognesurgeer","article_modified_time":"2025-12-18T20:30:26+00:00","og_image":[{"url":"http:\/\/moulindugeer.be\/wp-content\/uploads\/2025\/08\/MOULINCASTRAL-309-copie.jpg","type":"","width":"","height":""}],"twitter_card":"summary_large_image","twitter_misc":{"Dur\u00e9e de lecture est.":"5 minutes"},"schema":{"@context":"https:\/\/schema.org","@graph":[{"@type":"WebPage","@id":"http:\/\/moulindugeer.be\/fr\/le-concept\/","url":"http:\/\/moulindugeer.be\/fr\/le-concept\/","name":"Le concept - Moulin castral de Hollogne-sur-Geer","isPartOf":{"@id":"http:\/\/moulindugeer.be\/fr\/#website"},"primaryImageOfPage":{"@id":"http:\/\/moulindugeer.be\/fr\/le-concept\/#primaryimage"},"image":{"@id":"http:\/\/moulindugeer.be\/fr\/le-concept\/#primaryimage"},"thumbnailUrl":"http:\/\/moulindugeer.be\/wp-content\/uploads\/2025\/08\/MOULINCASTRAL-309-copie.jpg","datePublished":"2020-11-25T15:29:39+00:00","dateModified":"2025-12-18T20:30:26+00:00","breadcrumb":{"@id":"http:\/\/moulindugeer.be\/fr\/le-concept\/#breadcrumb"},"inLanguage":"fr-BE","potentialAction":[{"@type":"ReadAction","target":["http:\/\/moulindugeer.be\/fr\/le-concept\/"]}]},{"@type":"ImageObject","inLanguage":"fr-BE","@id":"http:\/\/moulindugeer.be\/fr\/le-concept\/#primaryimage","url":"http:\/\/moulindugeer.be\/wp-content\/uploads\/2025\/08\/MOULINCASTRAL-309-copie.jpg","contentUrl":"http:\/\/moulindugeer.be\/wp-content\/uploads\/2025\/08\/MOULINCASTRAL-309-copie.jpg"},{"@type":"BreadcrumbList","@id":"http:\/\/moulindugeer.be\/fr\/le-concept\/#breadcrumb","itemListElement":[{"@type":"ListItem","position":1,"name":"Accueil","item":"http:\/\/moulindugeer.be\/fr\/"},{"@type":"ListItem","position":2,"name":"Le concept"}]},{"@type":"WebSite","@id":"http:\/\/moulindugeer.be\/fr\/#website","url":"http:\/\/moulindugeer.be\/fr\/","name":"Moulin castral de Hollogne-sur-Geer","description":"","publisher":{"@id":"http:\/\/moulindugeer.be\/fr\/#organization"},"potentialAction":[{"@type":"SearchAction","target":{"@type":"EntryPoint","urlTemplate":"http:\/\/moulindugeer.be\/fr\/?s={search_term_string}"},"query-input":{"@type":"PropertyValueSpecification","valueRequired":true,"valueName":"search_term_string"}}],"inLanguage":"fr-BE"},{"@type":"Organization","@id":"http:\/\/moulindugeer.be\/fr\/#organization","name":"Moulin castral de Hollogne-sur-Geer","url":"http:\/\/moulindugeer.be\/fr\/","logo":{"@type":"ImageObject","inLanguage":"fr-BE","@id":"http:\/\/moulindugeer.be\/fr\/#\/schema\/logo\/image\/","url":"http:\/\/moulindugeer.be\/wp-content\/uploads\/2020\/11\/logo-titre.png","contentUrl":"http:\/\/moulindugeer.be\/wp-content\/uploads\/2020\/11\/logo-titre.png","width":1236,"height":311,"caption":"Moulin castral de Hollogne-sur-Geer"},"image":{"@id":"http:\/\/moulindugeer.be\/fr\/#\/schema\/logo\/image\/"},"sameAs":["https:\/\/www.facebook.com\/moulincastraldehollognesurgeer"]}]}},"_links":{"self":[{"href":"https:\/\/moulindugeer.be\/fr\/wp-json\/wp\/v2\/pages\/25","targetHints":{"allow":["GET"]}}],"collection":[{"href":"https:\/\/moulindugeer.be\/fr\/wp-json\/wp\/v2\/pages"}],"about":[{"href":"https:\/\/moulindugeer.be\/fr\/wp-json\/wp\/v2\/types\/page"}],"author":[{"embeddable":true,"href":"https:\/\/moulindugeer.be\/fr\/wp-json\/wp\/v2\/users\/1"}],"replies":[{"embeddable":true,"href":"https:\/\/moulindugeer.be\/fr\/wp-json\/wp\/v2\/comments?post=25"}],"version-history":[{"count":163,"href":"https:\/\/moulindugeer.be\/fr\/wp-json\/wp\/v2\/pages\/25\/revisions"}],"predecessor-version":[{"id":4175,"href":"https:\/\/moulindugeer.be\/fr\/wp-json\/wp\/v2\/pages\/25\/revisions\/4175"}],"wp:attachment":[{"href":"https:\/\/moulindugeer.be\/fr\/wp-json\/wp\/v2\/media?parent=25"}],"curies":[{"name":"wp","href":"https:\/\/api.w.org\/{rel}","templated":true}]}}