{"id":27,"date":"2020-11-25T16:29:56","date_gmt":"2020-11-25T15:29:56","guid":{"rendered":"http:\/\/mdg.bergaus.be\/?page_id=27"},"modified":"2021-06-07T08:57:27","modified_gmt":"2021-06-07T06:57:27","slug":"contact","status":"publish","type":"page","link":"https:\/\/moulindugeer.be\/fr\/contact\/","title":{"rendered":"Contact"},"content":{"rendered":"\t\t<div data-elementor-type=\"wp-page\" data-elementor-id=\"27\" class=\"elementor elementor-27\" data-elementor-post-type=\"page\">\n\t\t\t\t\t\t<section class=\"elementor-section elementor-top-section elementor-element elementor-element-3896323 elementor-section-height-min-height elementor-section-full_width elementor-section-items-bottom elementor-section-height-default\" data-id=\"3896323\" data-element_type=\"section\" data-settings=\"{&quot;background_background&quot;:&quot;classic&quot;}\">\n\t\t\t\t\t\t<div class=\"elementor-container elementor-column-gap-default\">\n\t\t\t\t\t<div class=\"elementor-column elementor-col-100 elementor-top-column elementor-element elementor-element-797bb46\" data-id=\"797bb46\" data-element_type=\"column\" data-settings=\"{&quot;background_background&quot;:&quot;gradient&quot;}\">\n\t\t\t<div class=\"elementor-widget-wrap elementor-element-populated\">\n\t\t\t\t\t\t<div class=\"elementor-element elementor-element-bea8efd elementor-widget elementor-widget-text-editor\" data-id=\"bea8efd\" data-element_type=\"widget\" data-widget_type=\"text-editor.default\">\n\t\t\t\t<div class=\"elementor-widget-container\">\n\t\t\t\t\t\t\t\t\t<p>Nous vous accueillons au moulin pour une exp\u00e9rience hors des sentiers battus !<\/p><p>Vous voulez nous parler de votre projet ?\u00a0<\/p><p>&#8230;<\/p><p>N&rsquo;h\u00e9sitez pas \u00e0 nous contacter,\u00a0nous nous ferons un plaisir de r\u00e9pondre \u00e0 toutes vos questions.<span class=\"Apple-converted-space\">\u00a0<\/span><\/p>\t\t\t\t\t\t\t\t<\/div>\n\t\t\t\t<\/div>\n\t\t\t\t\t<\/div>\n\t\t<\/div>\n\t\t\t\t\t<\/div>\n\t\t<\/section>\n\t\t\t\t<section class=\"elementor-section elementor-top-section elementor-element elementor-element-91a3b8d elementor-section-full_width elementor-section-height-default elementor-section-height-default\" data-id=\"91a3b8d\" data-element_type=\"section\">\n\t\t\t\t\t\t<div class=\"elementor-container elementor-column-gap-default\">\n\t\t\t\t\t<div class=\"elementor-column elementor-col-66 elementor-top-column elementor-element elementor-element-23ef10e\" data-id=\"23ef10e\" data-element_type=\"column\">\n\t\t\t<div class=\"elementor-widget-wrap elementor-element-populated\">\n\t\t\t\t\t\t<section class=\"elementor-section elementor-inner-section elementor-element elementor-element-000d6b6 elementor-section-boxed elementor-section-height-default elementor-section-height-default\" data-id=\"000d6b6\" data-element_type=\"section\">\n\t\t\t\t\t\t<div class=\"elementor-container elementor-column-gap-default\">\n\t\t\t\t\t<div class=\"elementor-column elementor-col-50 elementor-inner-column elementor-element elementor-element-fe83cfd\" data-id=\"fe83cfd\" data-element_type=\"column\">\n\t\t\t<div class=\"elementor-widget-wrap elementor-element-populated\">\n\t\t\t\t\t\t<div class=\"elementor-element elementor-element-81648a3 elementor-widget elementor-widget-heading\" data-id=\"81648a3\" data-element_type=\"widget\" data-widget_type=\"heading.default\">\n\t\t\t\t<div class=\"elementor-widget-container\">\n\t\t\t\t\t<h6 class=\"elementor-heading-title elementor-size-default\">Contactez-nous<\/h6>\t\t\t\t<\/div>\n\t\t\t\t<\/div>\n\t\t\t\t<div class=\"elementor-element elementor-element-51d23e7 nolink elementor-widget elementor-widget-text-editor\" data-id=\"51d23e7\" data-element_type=\"widget\" data-widget_type=\"text-editor.default\">\n\t\t\t\t<div class=\"elementor-widget-container\">\n\t\t\t\t\t\t\t\t\t<p><span style=\"color: #582b42;\"><a style=\"color: #582b42;\" href=\"mailto:locations@moulindugeer.be\">locations@moulindugeer.be<\/a><\/span><\/p><p>0477 65 29 01<\/p>\t\t\t\t\t\t\t\t<\/div>\n\t\t\t\t<\/div>\n\t\t\t\t\t<\/div>\n\t\t<\/div>\n\t\t\t\t<div class=\"elementor-column elementor-col-50 elementor-inner-column elementor-element elementor-element-7916e87\" data-id=\"7916e87\" data-element_type=\"column\">\n\t\t\t<div class=\"elementor-widget-wrap elementor-element-populated\">\n\t\t\t\t\t\t<div class=\"elementor-element elementor-element-3be2973 elementor-widget elementor-widget-heading\" data-id=\"3be2973\" data-element_type=\"widget\" data-widget_type=\"heading.default\">\n\t\t\t\t<div class=\"elementor-widget-container\">\n\t\t\t\t\t<h6 class=\"elementor-heading-title elementor-size-default\">Rendez-nous visite<\/h6>\t\t\t\t<\/div>\n\t\t\t\t<\/div>\n\t\t\t\t<div class=\"elementor-element elementor-element-f762828 elementor-widget elementor-widget-text-editor\" data-id=\"f762828\" data-element_type=\"widget\" data-widget_type=\"text-editor.default\">\n\t\t\t\t<div class=\"elementor-widget-container\">\n\t\t\t\t\t\t\t\t\t<p>Rue du Centre, 27<\/p><p>4250 Hollogne-sur-Geer<\/p>\t\t\t\t\t\t\t\t<\/div>\n\t\t\t\t<\/div>\n\t\t\t\t\t<\/div>\n\t\t<\/div>\n\t\t\t\t\t<\/div>\n\t\t<\/section>\n\t\t\t\t<section class=\"elementor-section elementor-inner-section elementor-element elementor-element-659d06d elementor-section-boxed elementor-section-height-default elementor-section-height-default\" data-id=\"659d06d\" data-element_type=\"section\">\n\t\t\t\t\t\t<div class=\"elementor-container elementor-column-gap-default\">\n\t\t\t\t\t<div class=\"elementor-column elementor-col-50 elementor-inner-column elementor-element elementor-element-fe3482e\" data-id=\"fe3482e\" data-element_type=\"column\">\n\t\t\t<div class=\"elementor-widget-wrap elementor-element-populated\">\n\t\t\t\t\t\t<div class=\"elementor-element elementor-element-1705b6c elementor-widget elementor-widget-heading\" data-id=\"1705b6c\" data-element_type=\"widget\" data-widget_type=\"heading.default\">\n\t\t\t\t<div class=\"elementor-widget-container\">\n\t\t\t\t\t<h6 class=\"elementor-heading-title elementor-size-default\">R\u00e9servez votre s\u00e9jour<\/h6>\t\t\t\t<\/div>\n\t\t\t\t<\/div>\n\t\t\t\t<div class=\"elementor-element elementor-element-1942ecb elementor-align-center elementor-widget elementor-widget-button\" data-id=\"1942ecb\" data-element_type=\"widget\" data-widget_type=\"button.default\">\n\t\t\t\t<div class=\"elementor-widget-container\">\n\t\t\t\t\t\t\t\t\t<div class=\"elementor-button-wrapper\">\n\t\t\t\t\t<a class=\"elementor-button elementor-button-link elementor-size-sm\" href=\"#\">\n\t\t\t\t\t\t<span class=\"elementor-button-content-wrapper\">\n\t\t\t\t\t\t\t\t\t<span class=\"elementor-button-text\">R\u00e9servation<\/span>\n\t\t\t\t\t<\/span>\n\t\t\t\t\t<\/a>\n\t\t\t\t<\/div>\n\t\t\t\t\t\t\t\t<\/div>\n\t\t\t\t<\/div>\n\t\t\t\t\t<\/div>\n\t\t<\/div>\n\t\t\t\t<div class=\"elementor-column elementor-col-50 elementor-inner-column elementor-element elementor-element-1548b0c\" data-id=\"1548b0c\" data-element_type=\"column\">\n\t\t\t<div class=\"elementor-widget-wrap elementor-element-populated\">\n\t\t\t\t\t\t<div class=\"elementor-element elementor-element-5e16a77 elementor-widget elementor-widget-heading\" data-id=\"5e16a77\" data-element_type=\"widget\" data-widget_type=\"heading.default\">\n\t\t\t\t<div class=\"elementor-widget-container\">\n\t\t\t\t\t<h6 class=\"elementor-heading-title elementor-size-default\">Suivez-nous<\/h6>\t\t\t\t<\/div>\n\t\t\t\t<\/div>\n\t\t\t\t<div class=\"elementor-element elementor-element-01aa9ca elementor-shape-rounded elementor-grid-0 e-grid-align-center elementor-widget elementor-widget-social-icons\" data-id=\"01aa9ca\" data-element_type=\"widget\" data-widget_type=\"social-icons.default\">\n\t\t\t\t<div class=\"elementor-widget-container\">\n\t\t\t\t\t\t\t<div class=\"elementor-social-icons-wrapper elementor-grid\">\n\t\t\t\t\t\t\t<span class=\"elementor-grid-item\">\n\t\t\t\t\t<a class=\"elementor-icon elementor-social-icon elementor-social-icon-facebook elementor-repeater-item-5a14a49\" target=\"_blank\">\n\t\t\t\t\t\t<span class=\"elementor-screen-only\">Facebook<\/span>\n\t\t\t\t\t\t<i aria-hidden=\"true\" class=\"fab fa-facebook\"><\/i>\t\t\t\t\t<\/a>\n\t\t\t\t<\/span>\n\t\t\t\t\t<\/div>\n\t\t\t\t\t\t<\/div>\n\t\t\t\t<\/div>\n\t\t\t\t\t<\/div>\n\t\t<\/div>\n\t\t\t\t\t<\/div>\n\t\t<\/section>\n\t\t\t\t\t<\/div>\n\t\t<\/div>\n\t\t\t\t<div class=\"elementor-column elementor-col-33 elementor-top-column elementor-element elementor-element-bf6b602 elementor-hidden-phone\" data-id=\"bf6b602\" data-element_type=\"column\">\n\t\t\t<div class=\"elementor-widget-wrap elementor-element-populated\">\n\t\t\t\t\t\t<div class=\"elementor-element elementor-element-f17807b elementor-widget elementor-widget-google_maps\" data-id=\"f17807b\" data-element_type=\"widget\" data-widget_type=\"google_maps.default\">\n\t\t\t\t<div class=\"elementor-widget-container\">\n\t\t\t\t\t\t\t<div class=\"elementor-custom-embed\">\n\t\t\t<iframe loading=\"lazy\"\n\t\t\t\t\tsrc=\"https:\/\/maps.google.com\/maps?q=moulin%20castral%20de%20Hollogne%20sur%20Geer&#038;t=m&#038;z=14&#038;output=embed&#038;iwloc=near\"\n\t\t\t\t\ttitle=\"moulin castral de Hollogne sur Geer\"\n\t\t\t\t\taria-label=\"moulin castral de Hollogne sur Geer\"\n\t\t\t><\/iframe>\n\t\t<\/div>\n\t\t\t\t\t\t<\/div>\n\t\t\t\t<\/div>\n\t\t\t\t\t<\/div>\n\t\t<\/div>\n\t\t\t\t\t<\/div>\n\t\t<\/section>\n\t\t\t\t<\/div>\n\t\t","protected":false},"excerpt":{"rendered":"<p>Nous vous accueillons au moulin pour une exp\u00e9rience hors des sentiers battus ! Vous voulez nous parler de votre projet ?\u00a0 &#8230; N&rsquo;h\u00e9sitez pas \u00e0 nous contacter,\u00a0nous nous ferons un plaisir de r\u00e9pondre \u00e0 toutes vos questions.\u00a0 Contactez-nous locations@moulindugeer.be 0477 65 29 01 Rendez-nous visite Rue du Centre, 27 4250 Hollogne-sur-Geer R\u00e9servez votre s\u00e9jour R\u00e9servation [&hellip;]<\/p>\n","protected":false},"author":1,"featured_media":0,"parent":0,"menu_order":0,"comment_status":"closed","ping_status":"closed","template":"","meta":{"footnotes":""},"class_list":["post-27","page","type-page","status-publish","hentry"],"yoast_head":"<!-- This site is optimized with the Yoast SEO plugin v26.5 - https:\/\/yoast.com\/wordpress\/plugins\/seo\/ -->\n<title>Contact - Moulin castral de Hollogne-sur-Geer<\/title>\n<meta name=\"robots\" content=\"index, follow, max-snippet:-1, max-image-preview:large, max-video-preview:-1\" \/>\n<link rel=\"canonical\" href=\"https:\/\/moulindugeer.be\/fr\/contact\/\" \/>\n<meta property=\"og:locale\" content=\"fr_FR\" \/>\n<meta property=\"og:type\" content=\"article\" \/>\n<meta property=\"og:title\" content=\"Contact - Moulin castral de Hollogne-sur-Geer\" \/>\n<meta property=\"og:description\" content=\"Nous vous accueillons au moulin pour une exp\u00e9rience hors des sentiers battus ! Vous voulez nous parler de votre projet ?\u00a0 &#8230; N&rsquo;h\u00e9sitez pas \u00e0 nous contacter,\u00a0nous nous ferons un plaisir de r\u00e9pondre \u00e0 toutes vos questions.\u00a0 Contactez-nous locations@moulindugeer.be 0477 65 29 01 Rendez-nous visite Rue du Centre, 27 4250 Hollogne-sur-Geer R\u00e9servez votre s\u00e9jour R\u00e9servation [&hellip;]\" \/>\n<meta property=\"og:url\" content=\"https:\/\/moulindugeer.be\/fr\/contact\/\" \/>\n<meta property=\"og:site_name\" content=\"Moulin castral de Hollogne-sur-Geer\" \/>\n<meta property=\"article:publisher\" content=\"https:\/\/www.facebook.com\/moulincastraldehollognesurgeer\" \/>\n<meta property=\"article:modified_time\" content=\"2021-06-07T06:57:27+00:00\" \/>\n<meta name=\"twitter:card\" content=\"summary_large_image\" \/>\n<script type=\"application\/ld+json\" class=\"yoast-schema-graph\">{\"@context\":\"https:\/\/schema.org\",\"@graph\":[{\"@type\":\"WebPage\",\"@id\":\"https:\/\/moulindugeer.be\/fr\/contact\/\",\"url\":\"https:\/\/moulindugeer.be\/fr\/contact\/\",\"name\":\"Contact - Moulin castral de Hollogne-sur-Geer\",\"isPartOf\":{\"@id\":\"https:\/\/moulindugeer.be\/fr\/#website\"},\"datePublished\":\"2020-11-25T15:29:56+00:00\",\"dateModified\":\"2021-06-07T06:57:27+00:00\",\"breadcrumb\":{\"@id\":\"https:\/\/moulindugeer.be\/fr\/contact\/#breadcrumb\"},\"inLanguage\":\"fr-BE\",\"potentialAction\":[{\"@type\":\"ReadAction\",\"target\":[\"https:\/\/moulindugeer.be\/fr\/contact\/\"]}]},{\"@type\":\"BreadcrumbList\",\"@id\":\"https:\/\/moulindugeer.be\/fr\/contact\/#breadcrumb\",\"itemListElement\":[{\"@type\":\"ListItem\",\"position\":1,\"name\":\"Accueil\",\"item\":\"https:\/\/moulindugeer.be\/fr\/\"},{\"@type\":\"ListItem\",\"position\":2,\"name\":\"Contact\"}]},{\"@type\":\"WebSite\",\"@id\":\"https:\/\/moulindugeer.be\/fr\/#website\",\"url\":\"https:\/\/moulindugeer.be\/fr\/\",\"name\":\"Moulin castral de Hollogne-sur-Geer\",\"description\":\"\",\"publisher\":{\"@id\":\"https:\/\/moulindugeer.be\/fr\/#organization\"},\"potentialAction\":[{\"@type\":\"SearchAction\",\"target\":{\"@type\":\"EntryPoint\",\"urlTemplate\":\"https:\/\/moulindugeer.be\/fr\/?s={search_term_string}\"},\"query-input\":{\"@type\":\"PropertyValueSpecification\",\"valueRequired\":true,\"valueName\":\"search_term_string\"}}],\"inLanguage\":\"fr-BE\"},{\"@type\":\"Organization\",\"@id\":\"https:\/\/moulindugeer.be\/fr\/#organization\",\"name\":\"Moulin castral de Hollogne-sur-Geer\",\"url\":\"https:\/\/moulindugeer.be\/fr\/\",\"logo\":{\"@type\":\"ImageObject\",\"inLanguage\":\"fr-BE\",\"@id\":\"https:\/\/moulindugeer.be\/fr\/#\/schema\/logo\/image\/\",\"url\":\"http:\/\/moulindugeer.be\/wp-content\/uploads\/2020\/11\/logo-titre.png\",\"contentUrl\":\"http:\/\/moulindugeer.be\/wp-content\/uploads\/2020\/11\/logo-titre.png\",\"width\":1236,\"height\":311,\"caption\":\"Moulin castral de Hollogne-sur-Geer\"},\"image\":{\"@id\":\"https:\/\/moulindugeer.be\/fr\/#\/schema\/logo\/image\/\"},\"sameAs\":[\"https:\/\/www.facebook.com\/moulincastraldehollognesurgeer\"]}]}<\/script>\n<!-- \/ Yoast SEO plugin. -->","yoast_head_json":{"title":"Contact - Moulin castral de Hollogne-sur-Geer","robots":{"index":"index","follow":"follow","max-snippet":"max-snippet:-1","max-image-preview":"max-image-preview:large","max-video-preview":"max-video-preview:-1"},"canonical":"https:\/\/moulindugeer.be\/fr\/contact\/","og_locale":"fr_FR","og_type":"article","og_title":"Contact - Moulin castral de Hollogne-sur-Geer","og_description":"Nous vous accueillons au moulin pour une exp\u00e9rience hors des sentiers battus ! Vous voulez nous parler de votre projet ?\u00a0 &#8230; N&rsquo;h\u00e9sitez pas \u00e0 nous contacter,\u00a0nous nous ferons un plaisir de r\u00e9pondre \u00e0 toutes vos questions.\u00a0 Contactez-nous locations@moulindugeer.be 0477 65 29 01 Rendez-nous visite Rue du Centre, 27 4250 Hollogne-sur-Geer R\u00e9servez votre s\u00e9jour R\u00e9servation [&hellip;]","og_url":"https:\/\/moulindugeer.be\/fr\/contact\/","og_site_name":"Moulin castral de Hollogne-sur-Geer","article_publisher":"https:\/\/www.facebook.com\/moulincastraldehollognesurgeer","article_modified_time":"2021-06-07T06:57:27+00:00","twitter_card":"summary_large_image","schema":{"@context":"https:\/\/schema.org","@graph":[{"@type":"WebPage","@id":"https:\/\/moulindugeer.be\/fr\/contact\/","url":"https:\/\/moulindugeer.be\/fr\/contact\/","name":"Contact - Moulin castral de Hollogne-sur-Geer","isPartOf":{"@id":"https:\/\/moulindugeer.be\/fr\/#website"},"datePublished":"2020-11-25T15:29:56+00:00","dateModified":"2021-06-07T06:57:27+00:00","breadcrumb":{"@id":"https:\/\/moulindugeer.be\/fr\/contact\/#breadcrumb"},"inLanguage":"fr-BE","potentialAction":[{"@type":"ReadAction","target":["https:\/\/moulindugeer.be\/fr\/contact\/"]}]},{"@type":"BreadcrumbList","@id":"https:\/\/moulindugeer.be\/fr\/contact\/#breadcrumb","itemListElement":[{"@type":"ListItem","position":1,"name":"Accueil","item":"https:\/\/moulindugeer.be\/fr\/"},{"@type":"ListItem","position":2,"name":"Contact"}]},{"@type":"WebSite","@id":"https:\/\/moulindugeer.be\/fr\/#website","url":"https:\/\/moulindugeer.be\/fr\/","name":"Moulin castral de Hollogne-sur-Geer","description":"","publisher":{"@id":"https:\/\/moulindugeer.be\/fr\/#organization"},"potentialAction":[{"@type":"SearchAction","target":{"@type":"EntryPoint","urlTemplate":"https:\/\/moulindugeer.be\/fr\/?s={search_term_string}"},"query-input":{"@type":"PropertyValueSpecification","valueRequired":true,"valueName":"search_term_string"}}],"inLanguage":"fr-BE"},{"@type":"Organization","@id":"https:\/\/moulindugeer.be\/fr\/#organization","name":"Moulin castral de Hollogne-sur-Geer","url":"https:\/\/moulindugeer.be\/fr\/","logo":{"@type":"ImageObject","inLanguage":"fr-BE","@id":"https:\/\/moulindugeer.be\/fr\/#\/schema\/logo\/image\/","url":"http:\/\/moulindugeer.be\/wp-content\/uploads\/2020\/11\/logo-titre.png","contentUrl":"http:\/\/moulindugeer.be\/wp-content\/uploads\/2020\/11\/logo-titre.png","width":1236,"height":311,"caption":"Moulin castral de Hollogne-sur-Geer"},"image":{"@id":"https:\/\/moulindugeer.be\/fr\/#\/schema\/logo\/image\/"},"sameAs":["https:\/\/www.facebook.com\/moulincastraldehollognesurgeer"]}]}},"_links":{"self":[{"href":"https:\/\/moulindugeer.be\/fr\/wp-json\/wp\/v2\/pages\/27","targetHints":{"allow":["GET"]}}],"collection":[{"href":"https:\/\/moulindugeer.be\/fr\/wp-json\/wp\/v2\/pages"}],"about":[{"href":"https:\/\/moulindugeer.be\/fr\/wp-json\/wp\/v2\/types\/page"}],"author":[{"embeddable":true,"href":"https:\/\/moulindugeer.be\/fr\/wp-json\/wp\/v2\/users\/1"}],"replies":[{"embeddable":true,"href":"https:\/\/moulindugeer.be\/fr\/wp-json\/wp\/v2\/comments?post=27"}],"version-history":[{"count":154,"href":"https:\/\/moulindugeer.be\/fr\/wp-json\/wp\/v2\/pages\/27\/revisions"}],"predecessor-version":[{"id":3410,"href":"https:\/\/moulindugeer.be\/fr\/wp-json\/wp\/v2\/pages\/27\/revisions\/3410"}],"wp:attachment":[{"href":"https:\/\/moulindugeer.be\/fr\/wp-json\/wp\/v2\/media?parent=27"}],"curies":[{"name":"wp","href":"https:\/\/api.w.org\/{rel}","templated":true}]}}